{"id":1102,"date":"2018-11-08T15:45:40","date_gmt":"2018-11-08T15:45:40","guid":{"rendered":"http:\/\/terbonssen.de\/?page_id=1102"},"modified":"2019-02-11T07:47:41","modified_gmt":"2019-02-11T07:47:41","slug":"audio-pics","status":"publish","type":"page","link":"https:\/\/terbonssen.de\/?page_id=1102","title":{"rendered":"H\u00f6ren"},"content":{"rendered":"<p><strong>Hier findet Ihr ein paar Ausz\u00fcge von CD-Produktionen sowie von Live-Auftritten. Viel Spass beim H\u00f6ren:<\/strong><\/p>\n<p>Soft &amp; Smooth (Tanzschulen CD)<\/p>\n<!--[if lt IE 9]><script>document.createElement('audio');<\/script><![endif]-->\n<audio class=\"wp-audio-shortcode\" id=\"audio-1102-1\" preload=\"none\" style=\"width: 100%;\" controls=\"controls\"><source type=\"audio\/mpeg\" src=\"http:\/\/terbonssen.de\/wordpress\/wp-content\/uploads\/Gesangsdemo-Christoph-Terbonssen.mp3?_=1\" \/><a href=\"http:\/\/terbonssen.de\/wordpress\/wp-content\/uploads\/Gesangsdemo-Christoph-Terbonssen.mp3\">http:\/\/terbonssen.de\/wordpress\/wp-content\/uploads\/Gesangsdemo-Christoph-Terbonssen.mp3<\/a><\/audio>\n<p>Ein bisschen Soul bzw. Rock<\/p>\n<audio class=\"wp-audio-shortcode\" id=\"audio-1102-2\" preload=\"none\" style=\"width: 100%;\" controls=\"controls\"><source type=\"audio\/wav\" src=\"http:\/\/terbonssen.de\/wordpress\/wp-content\/uploads\/H\u00f6rbeispiele-Christoph-Terbonssen.wav?_=2\" \/><a href=\"http:\/\/terbonssen.de\/wordpress\/wp-content\/uploads\/H\u00f6rbeispiele-Christoph-Terbonssen.wav\">http:\/\/terbonssen.de\/wordpress\/wp-content\/uploads\/H\u00f6rbeispiele-Christoph-Terbonssen.wav<\/a><\/audio>\n<p>And now to something completely different&#8230;.<\/p>\n<audio class=\"wp-audio-shortcode\" id=\"audio-1102-3\" preload=\"none\" style=\"width: 100%;\" controls=\"controls\"><source type=\"audio\/wav\" src=\"http:\/\/terbonssen.de\/wordpress\/wp-content\/uploads\/Memyself-I.wav?_=3\" \/><a href=\"http:\/\/terbonssen.de\/wordpress\/wp-content\/uploads\/Memyself-I.wav\">http:\/\/terbonssen.de\/wordpress\/wp-content\/uploads\/Memyself-I.wav<\/a><\/audio>\n<p>&#8230;und ein bisschen Deltablues (Gitarre <a href=\"https:\/\/www.robert-muehlenkamp.de\/\">Robert M\u00fchlenkamp<\/a>)<\/p>\n<audio class=\"wp-audio-shortcode\" id=\"audio-1102-4\" preload=\"none\" style=\"width: 100%;\" controls=\"controls\"><source type=\"audio\/wav\" src=\"http:\/\/terbonssen.de\/wordpress\/wp-content\/uploads\/You-can-love-yourself.wav?_=4\" \/><a href=\"http:\/\/terbonssen.de\/wordpress\/wp-content\/uploads\/You-can-love-yourself.wav\">http:\/\/terbonssen.de\/wordpress\/wp-content\/uploads\/You-can-love-yourself.wav<\/a><\/audio>\n<div><\/div>\n<dl id=\"attachment_58\">\n<dt><\/dt>\n<dt><\/dt>\n<dt><\/dt>\n<dt><\/dt>\n<dt><\/dt>\n<dt><\/dt>\n<dt><\/dt>\n<dt><\/dt>\n<dt><a href=\"http:\/\/terbonssen.de\/wordpress\/wp-content\/uploads\/garylarsonfav.bmp\"><img decoding=\"async\" loading=\"lazy\" class=\"alignnone size-medium wp-image-409\" src=\"http:\/\/terbonssen.de\/wordpress\/wp-content\/uploads\/garylarsonfav.bmp\" alt=\"garylarsonfav\" width=\"1\" height=\"1\" \/><\/a><\/dt>\n<\/dl>\n<div><\/div>\n","protected":false},"excerpt":{"rendered":"<p>Hier findet Ihr ein paar Ausz\u00fcge von CD-Produktionen sowie von Live-Auftritten. Viel Spass beim H\u00f6ren: Soft &amp; Smooth (Tanzschulen CD) Ein bisschen Soul bzw. Rock And now to something completely different&#8230;. &#8230;und ein bisschen Deltablues (Gitarre Robert M\u00fchlenkamp)<\/p>\n","protected":false},"author":1,"featured_media":0,"parent":0,"menu_order":0,"comment_status":"closed","ping_status":"closed","template":"","meta":[],"_links":{"self":[{"href":"https:\/\/terbonssen.de\/index.php?rest_route=\/wp\/v2\/pages\/1102"}],"collection":[{"href":"https:\/\/terbonssen.de\/index.php?rest_route=\/wp\/v2\/pages"}],"about":[{"href":"https:\/\/terbonssen.de\/index.php?rest_route=\/wp\/v2\/types\/page"}],"author":[{"embeddable":true,"href":"https:\/\/terbonssen.de\/index.php?rest_route=\/wp\/v2\/users\/1"}],"replies":[{"embeddable":true,"href":"https:\/\/terbonssen.de\/index.php?rest_route=%2Fwp%2Fv2%2Fcomments&post=1102"}],"version-history":[{"count":6,"href":"https:\/\/terbonssen.de\/index.php?rest_route=\/wp\/v2\/pages\/1102\/revisions"}],"predecessor-version":[{"id":1248,"href":"https:\/\/terbonssen.de\/index.php?rest_route=\/wp\/v2\/pages\/1102\/revisions\/1248"}],"wp:attachment":[{"href":"https:\/\/terbonssen.de\/index.php?rest_route=%2Fwp%2Fv2%2Fmedia&parent=1102"}],"curies":[{"name":"wp","href":"https:\/\/api.w.org\/{rel}","templated":true}]}}