{"id":122,"date":"2013-09-17T13:04:21","date_gmt":"2013-09-17T13:04:21","guid":{"rendered":"http:\/\/terbonssen.de\/?page_id=122"},"modified":"2019-02-11T13:43:15","modified_gmt":"2019-02-11T13:43:15","slug":"terbonssen","status":"publish","type":"page","link":"https:\/\/terbonssen.de\/?page_id=122","title":{"rendered":"Lesen"},"content":{"rendered":"<p style=\"text-align: left;\"><span style=\"color: #ff0000;\"><strong>TERBONSSEN SOLO<\/strong><\/span><\/p>\n<p style=\"text-align: left;\">Songs, denen man aus gutem Grund den Titel &#8220;Greatest Hits&#8221; geben kann! Eine ausdrucksvolle Stimme zu Gitarre oder Piano, versehen mit der dazugeh\u00f6rigen\u00a0Portion Entertainment erwarten\u00a0den Zuh\u00f6rer. \u00a0Songs von Johnny Cash, Lenny Kravitz, Stevie Wonder, Sting, u.v.m.<\/p>\n<ul style=\"text-align: left;\">\n<li><span style=\"text-align: center;\">Gesang, Gitarre, Klavier und Loops<\/span><\/li>\n<\/ul>\n<p style=\"text-align: left;\"><span style=\"color: #ff0000;\"><strong>TERBONSSEN TRIO\/DUO:<\/strong><\/span><\/p>\n<p style=\"text-align: left;\">Die gr\u00f6\u00dfere TRIO\/DUO-Besetzung f\u00fcr kleine aber auch mittelgro\u00dfe Veranstaltungen. Hochwertige Live-Musik\u00a0zum Hinh\u00f6ren oder auch f\u00fcr den Hintergrund (Vernissagen, Sekt-Empf\u00e4nge, Hochzeiten, Stadt-Feste, kleine B\u00fchnen,etc.)<\/p>\n<ul style=\"text-align: left;\">\n<li>Gesang, Gitarre &amp; Ukulele<\/li>\n<li>Piano<\/li>\n<li>Cajon\/optional kleines\u00a0Schlagzeug<\/li>\n<\/ul>\n<p style=\"text-align: left;\"><span style=\"color: #ff0000;\"><strong>TERBONSSEN &amp; BAND<\/strong><\/span><\/p>\n<p style=\"text-align: left;\">Das volle Entertainment-Paket f\u00fcr Gro\u00dfveranstaltungen jeglicher Art (Gala-Veranstaltungen, Betriebsfeiern, Hochzeiten, Stadt-Feste etc.)<\/p>\n<ul style=\"text-align: left;\">\n<li>Gesang, Gitarre, Percussion<\/li>\n<li>Schlagzeug<\/li>\n<li>Gitarre<\/li>\n<li>Klavier<\/li>\n<li>Bass<\/li>\n<li>zus\u00e4tzliche S\u00e4ngerin<\/li>\n<\/ul>\n<p style=\"text-align: left;\">Im Laufe der Jahre habe ich bei vielen Menschen, die sich das Ja-Wort geben wollten, die Feierlichkeiten der Hochzeit musikalisch mitgestaltet.<\/p>\n<p style=\"text-align: left;\">Sei es innerhalb der Trauung im Rathaus, Kirche oder auch auf dem offenen Feld.<\/p>\n<p style=\"text-align: left;\">Sowohl bei der Trauungs-Zeremonie als auch bei der -meist im Anschluss- folgenden Feier sind musikalische Beitr\u00e4ge das sogenannte &#8220;Salz in der Suppe&#8221;.<\/p>\n<p style=\"text-align: left;\">Beim Sektempfang als auch zum Tanz am Abend bin ich alleine, aber auch mit zus\u00e4tzlichen Musikern, in der Lage musikalische H\u00f6hepunkte zu setzen.<\/p>\n<p style=\"text-align: left;\">Desweiteren kann ich musikalisch auch folgende CDs empfehlen, bei denen ich als S\u00e4nger mitgewirkt habe.<\/p>\n<p style=\"text-align: left;\"><a href=\"https:\/\/www.amazon.de\/HOCHZEITSWALZER-die-besten-Brautt%C3%A4nze-Klassik\/dp\/B004I5TFT0\">HOCHZEITSWALZER\u00a0<\/a><\/p>\n<p style=\"text-align: left;\"><a href=\"https:\/\/www.amazon.de\/Hochzeitst%C3%A4nze-Vol-1-Romantische-Lieder-Brauttanz\/dp\/B001TIVRR2\/ref=sr_1_1?s=music&amp;ie=UTF8&amp;qid=1541695896&amp;sr=1-1&amp;keywords=hochzeitst%C3%A4nze+vol+1\">HOCHZEITST\u00c4NZE VOL. I<\/a><\/p>\n<p>Buchungsanfragen bitte an <strong><span style=\"color: #ff0000;\">booking@terbonssen.de<\/span><\/strong><\/p>\n<p style=\"text-align: left;\"><b>und hier noch ein paar Stationen&#8230;.<\/b><\/p>\n<ul>\n<li style=\"text-align: left;\">Geboren in Duisburg-Hamborn am<span style=\"color: #ff0000;\"><a style=\"color: #ff0000;\" href=\"http:\/\/de.wikipedia.org\/wiki\/1._August\"> 1.August 1974<\/a><\/span><\/li>\n<li style=\"text-align: left;\">Mit 8 Jahren <strong>Blockfl\u00f6tenunterricht<\/strong> , sp\u00e4ter <strong>klassische Gitarre<\/strong> an der <span style=\"color: #ff0000;\"><a style=\"color: #ff0000;\" href=\"http:\/\/duisburg.de\/micro2\/mks\/\">Niederrheinischen Musikschule Duisburg<\/a><\/span><\/li>\n<li style=\"text-align: left;\">Von den ersten Ferienjobs werden \u00a0<strong>E-Gitarre, Schlagzeug, Kontrabass, Timbales<\/strong> und eine Reihe anderer Musikinstrumente gekauft<\/li>\n<li style=\"text-align: left;\">Mit 15 die erste eigene Band (<span style=\"color: #c0c0c0;\">The Munsters<\/span>) erst als <strong>Schlagzeuger<\/strong> und <strong>S\u00e4nger<\/strong>, dann als <strong>S\u00e4nger<\/strong> und <strong>Gitarrist<\/strong><\/li>\n<li style=\"text-align: left;\">Unz\u00e4hlige Zwischenstationen\/CD-Aufnahmen als<strong> Bassist, Keyboarder, Percussionist, u.v.m.\u00a0<\/strong><\/li>\n<li style=\"text-align: left;\">Ausbildung zum <span style=\"color: #ff0000;\"><a style=\"color: #ff0000;\" href=\"http:\/\/orgelbau-seifert.de\/\">Orgel- und Harmoniumbauer<\/a><\/span><\/li>\n<li style=\"text-align: left;\">Besuch von <strong>Schauspiel-Workshops<\/strong> in ganz Deutschland und \u00d6sterreich<\/li>\n<li style=\"text-align: left;\">Studium der <strong>Sozialarbeit<\/strong> an der Uni Duisburg\/Essen<\/li>\n<li style=\"text-align: left;\">Studium der <strong>Popularmusik<\/strong> (<strong>Hauptfach Gesang \/Nebenfach Klavier<\/strong>) an der <span style=\"color: #ff0000;\"><a style=\"color: #ff0000;\" href=\"http:\/\/artez.nl\/\">Hochschule der K\u00fcnste in Arnheim<\/a><\/span><\/li>\n<li style=\"text-align: left;\">In Arnheim Unterricht \u00a0u. a. bei<span style=\"color: #ff0000;\"> <a style=\"color: #ff0000;\" href=\"http:\/\/hartogmusic.com\/nl\/\">Hartog Eysmann<\/a><\/span>,<span style=\"color: #ff0000;\"> <a style=\"color: #ff0000;\" href=\"http:\/\/inekevandoorn.com\">Ineke van Doorn<\/a><\/span> &amp; <span style=\"color: #ff0000;\"><a style=\"color: #ff0000;\" href=\"http:\/\/artez.nl\/conservatorium\/Docenten\/Vermeulen-Robert-Jan\">Robert Jan Vermeulen<\/a><\/span><\/li>\n<li style=\"text-align: left;\">Veranstaltungsreihe<span style=\"color: #ff0000;\"><strong>\u00a0<\/strong><a style=\"color: #ff0000;\" href=\"http:\/\/pop-session.de\">Pop-Session<\/a><\/span>\u00a0\u00fcber 14 \u00a0Jahre lang in verschiedensten Locations<\/li>\n<li style=\"text-align: left;\"><strong>Dozentent\u00e4tigkeit<\/strong> an St\u00e4dtischen Musikschulen (M\u00fclheim a.d. Ruhr\/Moers<span style=\"color: #ff0000;\">\/<a style=\"color: #ff0000;\" href=\"http:\/\/musikschule-kamp-lintfort.de\/\">Kamp-Lintfort<\/a><\/span>),\u00a0sowie Privatunterricht im Fach <strong>Populargesang<\/strong><\/li>\n<li style=\"text-align: left;\"><strong>Dozentent\u00e4tigkeit<\/strong> im<span style=\"color: #ff0000;\"> <a style=\"color: #ff0000;\" href=\"https:\/\/www.jekits.de\/\">JEKITS &#8211; Projekt<\/a><\/span> in Kooperation mit Grundschulen (F\u00e4cher: Cajon, Keyboard sowie Ensemble Kunterbunt)<\/li>\n<li style=\"text-align: left;\">Weitere Studioaufnahmen als<strong> S\u00e4nger, Instrumentalist<\/strong> und <strong>Sprecher<\/strong> f\u00fcr verschiedenste Projekte<span style=\"color: #ff0000;\">\u00a0z.B.\u00a0<a style=\"color: #ff0000;\" href=\"https:\/\/www.jpc.de\/jpcng\/poprock\/detail\/-\/art\/Band4Dancers-Hochzeitswalzer\/hnum\/1499879?iampartner=spon6&amp;awc=150&amp;awa=1264&amp;gclid=CO7yqqXTt9ECFbEW0wodLQcDCA\">&#8220;Hochzeitswalzer-CD&#8221;<\/a>\u00a0<\/span><\/li>\n<li style=\"text-align: left;\"><strong>Unz\u00e4hlige Radio und Fernsehauftritte<\/strong> als Leads\u00e4nger Tomek Popolski mit der Musik-Comedy-Show<span style=\"color: #ff0000;\"> <a style=\"color: #ff0000;\" href=\"http:\/\/de.wikipedia.org\/wiki\/Der_Popolski_Show\">\u201eDer Popolski-Show&#8221; <\/a><\/span>(<a href=\"http:\/\/grimme-institut.de\/html\/index.php?id=839#c5\"><span style=\"color: #ff0000;\">Grimme-Preis<\/span> <span style=\"color: #ff0000;\">Nominierung<\/span><\/a><span style=\"color: #ff0000;\">)<\/span><\/li>\n<li style=\"text-align: left;\">Produktion von Kinderlieder-CD<span style=\"color: #ffff00;\">\u00a0<\/span>\u00a0<span style=\"color: #ff0000;\"><a style=\"color: #ff0000;\" href=\"http:\/\/amazon.de\/Die-besten-Fingerspiellieder-Katharina-Blume\/dp\/B00QXYWBRW\">&#8220;Die 40 Besten Fingerspiel-Lieder&#8221;<\/a><\/span><\/li>\n<li style=\"text-align: left;\">Produktion von Kinderlieder-CD<span style=\"color: #ff0000;\"> <a style=\"color: #ff0000;\" href=\"http:\/\/www.mytoys.de\/universal-music-gmbh-cd-die-40-besten-kniereiter-lieder-k-blume-c-koenig-4638215.html?mc=deu_mts_onl_sea_google_mytoys-product-listing-ads_Hoerspiele_4638215&amp;gclid=CMHJ-NHRt9ECFUI_GwodW-YJgA\">&#8220;Die 40 Besten Kniereiter-Lieder&#8221;<\/a> <\/span>und <span style=\"color: #ff0000;\"><a style=\"color: #ff0000;\" href=\"https:\/\/www.amazon.de\/Musikalische-Fr%C3%BCherziehung-Katharina-Blume\/dp\/B014T41D9Y\">&#8220;Musikalische Fr\u00fcherziehung&#8221;<\/a><\/span><\/li>\n<\/ul>\n<p style=\"text-align: left;\"><strong>Ach ja, und das sagt die <span style=\"color: #ff0000;\">Presse <span style=\"color: #000000;\">\u00fcber mich<\/span><\/span>:<\/strong><\/p>\n<p><a href=\"http:\/\/terbonssen.de\/wordpress\/wp-content\/uploads\/Artikel-Dellplatz-Delluxe.jpg\"><img decoding=\"async\" loading=\"lazy\" class=\"alignnone size-medium wp-image-204 alignleft\" src=\"http:\/\/terbonssen.de\/wordpress\/wp-content\/uploads\/Artikel-Dellplatz-Delluxe-300x220.jpg\" alt=\"Artikel Dellplatz Delluxe\" width=\"300\" height=\"220\" srcset=\"https:\/\/terbonssen.de\/wordpress\/wp-content\/uploads\/Artikel-Dellplatz-Delluxe-300x220.jpg 300w, https:\/\/terbonssen.de\/wordpress\/wp-content\/uploads\/Artikel-Dellplatz-Delluxe-1024x752.jpg 1024w\" sizes=\"(max-width: 300px) 100vw, 300px\" \/><\/a><\/p>\n<h2><\/h2>\n<h2><\/h2>\n<h2 style=\"text-align: right;\">IMPRESSUM<\/h2>\n<p style=\"text-align: right;\"><strong>Seiteninhalt<\/strong><\/p>\n<p style=\"text-align: right;\">Die Inhalte unserer Seiten wurden mit gr\u00f6\u00dfter Sorgfalt erstellt. F\u00fcr die Richtigkeit, Vollst\u00e4ndigkeit und Aktualit\u00e4t der Inhalte k\u00f6nnen wir jedoch keine Gew\u00e4hr \u00fcbernehmen. Als Diensteanbieter sind wir gem\u00e4\u00df \u00a7 6 Abs.1 MDStV und \u00a7 8 Abs.1 TDG f\u00fcr eigene Inhalte auf diesen Seiten nach den allgemeinen Gesetzen verantwortlich. Diensteanbieter sind jedoch nicht verpflichtet, die von ihnen \u00fcbermittelten oder gespeicherten fremden Informationen zu \u00fcberwachen oder nach Umst\u00e4nden zu forschen, die auf eine rechtswidrige T\u00e4tigkeit hinweisen. Verpflichtungen zur Entfernung oder Sperrung der Nutzung von Informationen nach den allgemeinen Gesetzen bleiben hiervon unber\u00fchrt. Eine diesbez\u00e4gliche Haftung ist jedoch erst ab dem Zeitpunkt der Kenntnis einer konkreten Rechtsverletzung m\u00f6glich. Bei bekannt werden von entsprechenden Rechtsverletzungen werden wir diese Inhalte umgehend entfernen.<\/p>\n<p style=\"text-align: right;\"><strong>Haftung f\u00fcr Links<\/strong><\/p>\n<p style=\"text-align: right;\">Unser Angebot enth\u00e4lt Links zu externen Webseiten Dritter, auf deren Inhalte wir keinen Einfluss haben. Deshalb k\u00f6nnen wir f\u00fcr diese fremden Inhalte auch keine Gew\u00e4hr \u00fcbernehmen. F\u00fcr die Inhalte der verlinkten Seiten ist stets der jeweilige Anbieter oder Betreiber der Seiten verantwortlich. Die verlinkten Seiten wurden zum Zeitpunkt der Verlinkung auf m\u00f6gliche Rechtsverst\u00f6\u00dfe \u00fcberpr\u00fcft. Rechtswidrige Inhalte waren zum Zeitpunkt der Verlinkung nicht erkennbar. Eine permanente inhaltliche Kontrolle der verlinkten Seiten ist jedoch ohne konkrete Anhaltspunkte einer Rechtsverletzung nicht zumutbar. Bei bekannt werden von Rechtsverletzungen werden wir derartige Links umgehend entfernen.<\/p>\n<p style=\"text-align: right;\"><strong>Urheberrecht<\/strong><\/p>\n<p style=\"text-align: right;\">Die Betreiber der Seiten sind bem\u00fcht, die Urheberrechte anderer zu beachten bzw. auf selbst erstellte sowie lizenzfreie Werke zur\u00fcckzugreifen. Die durch die Seitenbetreiber erstellten Inhalte und Werke auf diesen Seiten unterliegen dem deutschen Urheberrecht. Beitr\u00e4ge Dritter sind als solche gekennzeichnet. Die Vervielf\u00e4ltigung, Bearbeitung, Verbreitung und jede Art der Verwertung au\u00dferhalb der Grenzen des Urheberrechtes bed\u00fcrfen der schriftlichen Zustimmung des jeweiligen Autors bzw. Erstellers. Downloads und Kopien dieser Seite sind nur f\u00fcr den privaten, nicht kommerziellen Gebrauch gestattet.<\/p>\n<p style=\"text-align: right;\"><strong>Verantwortlich f\u00fcr den Inhaltgem\u00e4\u00df \u00a7 10 Absatz 3 MDStV:<\/strong><\/p>\n<p style=\"text-align: right;\">\u200b<\/p>\n<p style=\"text-align: right;\">Christoph Terbonssen<\/p>\n<p style=\"text-align: right;\">Windhuker Str. 63 , 47249 Duisburg<\/p>\n<p style=\"text-align: right;\">Tel. 01 63-84 77 447<\/p>\n<p style=\"text-align: right;\">Verantwortlich f\u00fcr den Inhalt im Sinne des \u00a7 6 MDStV: Christoph Terbonssen<\/p>\n<p style=\"text-align: right;\"><strong>Datenschutzerkl\u00e4rung<\/strong><\/p>\n<p style=\"text-align: right;\">\u200b<\/p>\n<ol style=\"text-align: right;\">\n<li><strong> Datenschutz auf einen Blick<\/strong><\/li>\n<\/ol>\n<p style=\"text-align: right;\"><strong>Allgemeine Hinweise<\/strong><br \/>\nDie folgenden Hinweise geben einen einfachen \u00dcberblick dar\u00fcber, was mit Ihren personenbezogenen Daten passiert, wenn Sie unsere Website besuchen. Personenbezogene Daten sind alle Daten, mit denen Sie pers\u00f6nlich identifiziert werden k\u00f6nnen. Ausf\u00fchrliche Informationen zum Thema Datenschutz entnehmen Sie unserer unter diesem Text aufgef\u00fchrten Datenschutzerkl\u00e4rung.<\/p>\n<p style=\"text-align: right;\"><strong>Datenerfassung auf unserer Website<\/strong><br \/>\nWer ist verantwortlich f\u00fcr die Datenerfassung auf dieser Website?<br \/>\nDie Datenverarbeitung auf dieser Website erfolgt durch den Websitebetreiber. Dessen Kontaktdaten k\u00f6nnen Sie dem Kontakt dieser Website entnehmen.<\/p>\n<p style=\"text-align: right;\"><strong>Wie erfassen wir Ihre Daten?<\/strong><br \/>\nIhre Daten werden zum einen dadurch erhoben, dass Sie uns diese mitteilen. Hierbei kann es sich z.B. um Daten handeln, die Sie in ein Kontaktformular eingeben. Andere Daten werden automatisch beim Besuch der Website durch unsere IT-Systeme erfasst. Das sind vor allem technische Daten (z.B. Internetbrowser, Betriebssystem oder Uhrzeit des Seitenaufrufs). Die Erfassung dieser Daten erfolgt automatisch, sobald Sie unsere Website betreten.<\/p>\n<p style=\"text-align: right;\"><strong>Wof\u00fcr nutzen wir Ihre Daten?<\/strong><br \/>\nEin Teil der Daten wird erhoben, um eine fehlerfreie Bereitstellung der Website zu gew\u00e4hrleisten. Andere Daten k\u00f6nnen zur Analyse Ihres Nutzerverhaltens verwendet werden.<\/p>\n<p style=\"text-align: right;\"><strong>Welche Rechte haben Sie bez\u00fcglich Ihrer Daten?<\/strong><br \/>\nSie haben jederzeit das Recht unentgeltlich Auskunft \u00fcber Herkunft, Empf\u00e4nger und Zweck Ihrer gespeicherten personenbezogenen Daten zu erhalten. Sie haben au\u00dferdem ein Recht, die Berichtigung, Sperrung oder L\u00f6schung dieser Daten zu verlangen. Hierzu sowie zu weiteren Fragen zum Thema Datenschutz k\u00f6nnen Sie sich jederzeit unter der im Impressum angegebenen Adresse an uns wenden. Des Weiteren steht Ihnen ein Beschwerderecht bei der zust\u00e4ndigen Aufsichtsbeh\u00f6rde zu.<\/p>\n<h2 style=\"text-align: right;\">2. Allgemeine Hinweise und Pflichtinformationen<\/h2>\n<p style=\"text-align: right;\"><strong>Datenschutz<\/strong><br \/>\nDie Betreiber dieser Seiten nehmen den Schutz Ihrer pers\u00f6nlichen Daten sehr ernst. Wir behandeln Ihre personenbezogenen Daten vertraulich und entsprechend der gesetzlichen Datenschutzvorschriften sowie dieser Datenschutzerkl\u00e4rung. Wenn Sie diese Website benutzen, werden verschiedene personenbezogene Daten erhoben. Personenbezogene Daten sind Daten, mit denen Sie pers\u00f6nlich identifiziert werden k\u00f6nnen. Die vorliegende Datenschutzerkl\u00e4rung erl\u00e4utert, welche Daten wir erheben und wof\u00fcr wir sie nutzen. Sie erl\u00e4utert auch, wie und zu welchem Zweck das geschieht. Wir weisen darauf hin, dass die Daten\u00fcbertragung im Internet (z.B. bei der Kommunikation per E-Mail) Sicherheitsl\u00fccken aufweisen kann. Ein l\u00fcckenloser Schutz der Daten vor dem Zugriff durch Dritte ist nicht m\u00f6glich.<\/p>\n<p style=\"text-align: right;\"><strong>Hinweis zur verantwortlichen Stelle<\/strong><br \/>\nDie verantwortliche Stelle f\u00fcr die Datenverarbeitung auf dieser Website ist:<\/p>\n<p style=\"text-align: right;\">\u200b<\/p>\n<p style=\"text-align: right;\">Christoph Terbonssen<\/p>\n<p style=\"text-align: right;\">Windhuker Str. 63 , 47249 Duisburg<\/p>\n<p style=\"text-align: right;\">Tel. 01 63-84 77 447<\/p>\n<p style=\"text-align: right;\">Verantwortlich f\u00fcr den Inhalt im Sinne des \u00a7 6 MDStV: Christoph Terbonssen<\/p>\n<p style=\"text-align: right;\">Verantwortliche Stelle ist die nat\u00fcrliche oder juristische Person, die allein oder gemeinsam mit anderen \u00fcber die Zwecke und Mittel der Verarbeitung von personenbezogenen Daten (z.B. Namen, E-Mail-Adressen o. \u00c4.) entscheidet.<\/p>\n<p style=\"text-align: right;\"><strong>Widerruf Ihrer Einwilligung zur Datenverarbeitung<\/strong><br \/>\nViele Datenverarbeitungsvorg\u00e4nge sind nur mit Ihrer ausdr\u00fccklichen Einwilligung m\u00f6glich. Sie k\u00f6nnen eine bereits erteilte Einwilligung jederzeit widerrufen. Dazu reicht eine formlose Mitteilung per E-Mail an uns. Die Rechtm\u00e4\u00dfigkeit der bis zum Widerruf erfolgten Datenverarbeitung bleibt vom Widerruf unber\u00fchrt.<\/p>\n<p style=\"text-align: right;\"><strong>Beschwerderecht bei der zust\u00e4ndigen Aufsichtsbeh\u00f6rde<\/strong><br \/>\nIm Falle datenschutzrechtlicher Verst\u00f6\u00dfe steht dem Betroffenen ein Beschwerderecht bei der zust\u00e4ndigen Aufsichtsbeh\u00f6rde zu. Zust\u00e4ndige Aufsichtsbeh\u00f6rde in datenschutzrechtlichen Fragen ist der Landesdatenschutzbeauftragte des Bundeslandes, in dem unser Unternehmen seinen Sitz hat. Eine Liste der Datenschutzbeauftragten sowie deren Kontaktdaten k\u00f6nnen folgendem Link entnommen werden:\u00a0<u><a href=\"https:\/\/www.bfdi.bund.de\/DE\/Infothek\/Anschriften_Links\/anschriften_links-node.html.\" data-content=\"https:\/\/www.bfdi.bund.de\/DE\/Infothek\/Anschriften_Links\/anschriften_links-node.html.\" data-type=\"external\">https:\/\/www.bfdi.bund.de\/DE\/Infothek\/Anschriften_Links\/anschriften_links-node.html.<\/a><\/u><\/p>\n<p style=\"text-align: right;\"><strong>Recht auf Daten\u00fcbertragbarkeit<\/strong><br \/>\nSie haben das Recht, Daten, die wir auf Grundlage Ihrer Einwilligung oder in Erf\u00fcllung eines Vertrags automatisiert verarbeiten, an sich oder an einen Dritten in einem g\u00e4ngigen, maschinenlesbaren Format aush\u00e4ndigen zu lassen. Sofern Sie die direkte \u00dcbertragung der Daten an einen anderen Verantwortlichen verlangen, erfolgt dies nur, soweit es technisch machbar ist.<\/p>\n<p style=\"text-align: right;\"><strong>SSL- bzw. TLS-Verschl\u00fcsselung<\/strong><br \/>\nDiese Seite nutzt aus Sicherheitsgr\u00fcnden und zum Schutz der \u00dcbertragung vertraulicher Inhalte, wie zum Beispiel Bestellungen oder Anfragen, die Sie an uns als Seitenbetreiber senden, eine SSL-bzw. TLS-Verschl\u00fcsselung. Eine verschl\u00fcsselte Verbindung erkennen Sie daran, dass die Adresszeile des Browsers von \u201chttp:\/\/\u201d auf \u201chttps:\/\/\u201d wechselt und an dem Schloss-Symbol in Ihrer Browserzeile. Wenn die SSL- bzw. TLS-Verschl\u00fcsselung aktiviert ist, k\u00f6nnen die Daten, die Sie an uns \u00fcbermitteln, nicht von Dritten mitgelesen werden.<\/p>\n<p style=\"text-align: right;\"><strong>Auskunft, Sperrung, L\u00f6schung<\/strong><br \/>\nSie haben im Rahmen der geltenden gesetzlichen Bestimmungen jederzeit das Recht auf unentgeltliche Auskunft \u00fcber Ihre gespeicherten personenbezogenen Daten, deren Herkunft und Empf\u00e4nger und den Zweck der Datenverarbeitung und ggf. ein Recht auf Berichtigung, Sperrung oder L\u00f6schung dieser Daten. Hierzu sowie zu weiteren Fragen zum Thema personenbezogene Daten k\u00f6nnen Sie sich jederzeit unter der im Impressum angegebenen Adresse an uns wenden.<\/p>\n<p style=\"text-align: right;\"><strong>3. Datenerfassung auf unserer Website<\/strong><\/p>\n<p style=\"text-align: right;\"><strong>Cookies<\/strong><br \/>\nDie Internetseiten verwenden teilweise so genannte Cookies. Cookies richten auf Ihrem Rechner keinen Schaden an und enthalten keine Viren. Cookies dienen dazu, unser Angebot nutzerfreundlicher, effektiver und sicherer zu machen. Cookies sind kleine Textdateien, die auf Ihrem Rechner abgelegt werden und die Ihr Browser speichert. Die meisten der von uns verwendeten Cookies sind so genannte \u201cSession-Cookies\u201d. Sie werden nach Ende Ihres Besuchs automatisch gel\u00f6scht. Andere Cookies bleiben auf Ihrem Endger\u00e4t gespeichert bis Sie diese l\u00f6schen. Diese Cookies erm\u00f6glichen es uns, Ihren Browser beim n\u00e4chsten Besuch wiederzuerkennen. Sie k\u00f6nnen Ihren Browser so einstellen, dass Sie \u00fcber das Setzen von Cookies informiert werden und Cookies nur im Einzelfall erlauben, die Annahme von Cookies f\u00fcr bestimmte F\u00e4lle oder generell ausschlie\u00dfen sowie das automatische L\u00f6schen der Cookies beim Schlie\u00dfen des Browser aktivieren. Bei der Deaktivierung von Cookies kann die Funktionalit\u00e4t dieser Website eingeschr\u00e4nkt sein. Cookies, die zur Durchf\u00fchrung des elektronischen Kommunikationsvorgangs oder zur Bereitstellung bestimmter, von Ihnen erw\u00fcnschter Funktionen (z.B. Warenkorbfunktion) erforderlich sind, werden auf Grundlage von Art. 6 Abs. 1 lit. f DSGVO gespeichert. Der Websitebetreiber hat ein berechtigtes Interesse an der Speicherung von Cookies zur technisch fehlerfreien und optimierten Bereitstellung seiner Dienste. Soweit andere Cookies (z.B. Cookies zur Analyse Ihres Surfverhaltens) gespeichert werden, werden diese in dieser Datenschutzerkl\u00e4rung gesondert behandelt.<\/p>\n<p style=\"text-align: right;\"><strong>Server-Log-Dateien<\/strong><br \/>\nDer Provider der Seiten erhebt und speichert automatisch Informationen in so genannten Server-Log-Dateien, die Ihr Browser automatisch an uns \u00fcbermittelt.<br \/>\nDies sind:<\/p>\n<p style=\"text-align: right;\">Browsertyp und Browserversion<br \/>\nverwendetes Betriebssystem<br \/>\nReferrer URL<br \/>\nHostname des zugreifenden Rechners<br \/>\nUhrzeit der Serveranfrage<br \/>\nIP-Adresse<\/p>\n<p style=\"text-align: right;\">Eine Zusammenf\u00fchrung dieser Daten mit anderen Datenquellen wird nicht vorgenommen. Grundlage f\u00fcr die Datenverarbeitung ist Art. 6 Abs. 1 lit. f DSGVO, der die Verarbeitung von Daten zur Erf\u00fcllung eines Vertrags oder vorvertraglicher Ma\u00dfnahmen gestattet.<\/p>\n<h2 style=\"text-align: right;\">4. Plugins und Tools<\/h2>\n<p style=\"text-align: right;\"><strong>YouTube<\/strong><br \/>\nUnsere Website nutzt Plugins der von Google betriebenen Seite YouTube. Betreiber der Seiten ist die YouTube, LLC, 901 Cherry Ave., San Bruno, CA 94066, USA. Wenn Sie eine unserer mit einem YouTube-Plugin ausgestatteten Seiten besuchen, wird eine Verbindung zu den Servern von YouTube hergestellt. Dabei wird dem YouTube-Server mitgeteilt, welche unserer Seiten Sie besucht haben. Wenn Sie in Ihrem YouTube-Account eingeloggt sind, erm\u00f6glichen Sie YouTube, Ihr Surfverhalten direkt Ihrem pers\u00f6nlichen Profil zuzuordnen. Dies k\u00f6nnen Sie verhindern, indem Sie sich aus Ihrem YouTube-Account ausloggen. Die Nutzung von YouTube erfolgt im Interesse einer ansprechenden Darstellung unserer Online-Angebote. Dies stellt ein berechtigtes Interesse im Sinne von Art. 6 Abs. 1 lit. f DSGVO dar. Weitere Informationen zum Umgang mit Nutzerdaten finden Sie in der Datenschutzerkl\u00e4rung von YouTube unter:\u00a0<u><a href=\"https:\/\/www.google.de\/intl\/de\/policies\/privacy.\" data-content=\"https:\/\/www.google.de\/intl\/de\/policies\/privacy.\" data-type=\"external\">https:\/\/www.google.de\/intl\/de\/policies\/privacy.<\/a><\/u><\/p>\n<p style=\"text-align: right;\"><strong>Google Web Fonts<\/strong><br \/>\nDiese Seite nutzt zur einheitlichen Darstellung von Schriftarten so genannte Web Fonts, die von Google bereitgestellt werden. Beim Aufruf einer Seite l\u00e4dt Ihr Browser die ben\u00f6tigten Web Fonts in ihren Browsercache, um Texte und Schriftarten korrekt anzuzeigen. Zu diesem Zweck muss der von Ihnen verwendete Browser Verbindung zu den Servern von Google aufnehmen. Hierdurch erlangt Google Kenntnis dar\u00fcber, dass \u00fcber Ihre IP-Adresse unsere Website aufgerufen wurde. Die Nutzung von Google Web Fonts erfolgt im Interesse einer einheitlichen und ansprechenden Darstellung unserer Online-Angebote. Dies stellt ein berechtigtes Interesse im Sinne von Art. 6 Abs. 1 lit. f DSGVO dar. Wenn Ihr Browser Web Fonts nicht unterst\u00fctzt, wird eine Standardschrift von Ihrem Computer genutzt. Weitere Informationen zu Google Web Fonts finden Sie unter\u00a0<u><a href=\"https:\/\/developers.google.com\/fonts\/faq\" data-content=\"https:\/\/developers.google.com\/fonts\/faq\" data-type=\"external\">https:\/\/developers.google.com\/fonts\/faq<\/a><\/u>\u00a0und in der Datenschutzerkl\u00e4rung von Google:\u00a0<u><a href=\"https:\/\/www.google.com\/policies\/privacy\/\" data-content=\"https:\/\/www.google.com\/policies\/privacy\/\" data-type=\"external\">https:\/\/www.google.com\/policies\/privacy\/.<\/a><\/u><\/p>\n<p><strong>\u00a0<\/strong><\/p>\n","protected":false},"excerpt":{"rendered":"<p>TERBONSSEN SOLO Songs, denen man aus gutem Grund den Titel &#8220;Greatest Hits&#8221; geben kann! Eine ausdrucksvolle Stimme zu Gitarre oder Piano, versehen mit der dazugeh\u00f6rigen\u00a0Portion Entertainment erwarten\u00a0den Zuh\u00f6rer. \u00a0Songs von Johnny Cash, Lenny Kravitz, Stevie Wonder, Sting, u.v.m. Gesang, Gitarre, Klavier und Loops TERBONSSEN TRIO\/DUO: Die gr\u00f6\u00dfere TRIO\/DUO-Besetzung f\u00fcr kleine aber auch mittelgro\u00dfe Veranstaltungen. Hochwertige&hellip; <br \/> <a class=\"button small blue\" href=\"https:\/\/terbonssen.de\/?page_id=122\">Read more<\/a><\/p>\n","protected":false},"author":1,"featured_media":0,"parent":0,"menu_order":0,"comment_status":"open","ping_status":"open","template":"","meta":[],"_links":{"self":[{"href":"https:\/\/terbonssen.de\/index.php?rest_route=\/wp\/v2\/pages\/122"}],"collection":[{"href":"https:\/\/terbonssen.de\/index.php?rest_route=\/wp\/v2\/pages"}],"about":[{"href":"https:\/\/terbonssen.de\/index.php?rest_route=\/wp\/v2\/types\/page"}],"author":[{"embeddable":true,"href":"https:\/\/terbonssen.de\/index.php?rest_route=\/wp\/v2\/users\/1"}],"replies":[{"embeddable":true,"href":"https:\/\/terbonssen.de\/index.php?rest_route=%2Fwp%2Fv2%2Fcomments&post=122"}],"version-history":[{"count":47,"href":"https:\/\/terbonssen.de\/index.php?rest_route=\/wp\/v2\/pages\/122\/revisions"}],"predecessor-version":[{"id":1259,"href":"https:\/\/terbonssen.de\/index.php?rest_route=\/wp\/v2\/pages\/122\/revisions\/1259"}],"wp:attachment":[{"href":"https:\/\/terbonssen.de\/index.php?rest_route=%2Fwp%2Fv2%2Fmedia&parent=122"}],"curies":[{"name":"wp","href":"https:\/\/api.w.org\/{rel}","templated":true}]}}